{"id":152,"date":"2017-10-16T19:16:43","date_gmt":"2017-10-16T19:16:43","guid":{"rendered":"http:\/\/erigo.lv\/?page_id=152"},"modified":"2017-10-16T19:16:43","modified_gmt":"2017-10-16T19:16:43","slug":"blivejuma-nomaina","status":"publish","type":"page","link":"https:\/\/erigo.lv\/?page_id=152","title":{"rendered":"Bl\u012bv\u0113juma nomai\u0146a"},"content":{"rendered":"<p><strong>Bl\u012bv\u0113jumu veidi:<\/strong><\/p>\n<ul>\n<li>logu putek\u013cu gumijas;<\/li>\n<li>logu un durvju bl\u012bv\u0113jumi ar s\u0101nisko fr\u0113z\u0113jumu;<\/li>\n<li>Llogu un durvju bl\u012bv\u0113jumi ar tie\u0161o fr\u0113z\u0113jumu;<\/li>\n<li>savires bl\u012bv\u0113jumi divv\u0113rt\u0146u\u00a0logiem un durv\u012bm;<\/li>\n<li>bl\u012bv\u0113jumi b\u012bd\u0101maj\u0101m un pace\u013camaj\u0101m durv\u012bm un logiem.<\/li>\n<\/ul>\n","protected":false},"excerpt":{"rendered":"<p>Bl\u012bv\u0113jumu veidi: logu putek\u013cu gumijas; logu un durvju bl\u012bv\u0113jumi ar s\u0101nisko fr\u0113z\u0113jumu; Llogu un durvju bl\u012bv\u0113jumi ar tie\u0161o fr\u0113z\u0113jumu; savires bl\u012bv\u0113jumi divv\u0113rt\u0146u\u00a0logiem un durv\u012bm; bl\u012bv\u0113jumi b\u012bd\u0101maj\u0101m un pace\u013camaj\u0101m durv\u012bm un logiem.<\/p>\n","protected":false},"author":1,"featured_media":0,"parent":17,"menu_order":0,"comment_status":"closed","ping_status":"closed","template":"","meta":[],"_links":{"self":[{"href":"https:\/\/erigo.lv\/index.php?rest_route=\/wp\/v2\/pages\/152"}],"collection":[{"href":"https:\/\/erigo.lv\/index.php?rest_route=\/wp\/v2\/pages"}],"about":[{"href":"https:\/\/erigo.lv\/index.php?rest_route=\/wp\/v2\/types\/page"}],"author":[{"embeddable":true,"href":"https:\/\/erigo.lv\/index.php?rest_route=\/wp\/v2\/users\/1"}],"replies":[{"embeddable":true,"href":"https:\/\/erigo.lv\/index.php?rest_route=%2Fwp%2Fv2%2Fcomments&post=152"}],"version-history":[{"count":1,"href":"https:\/\/erigo.lv\/index.php?rest_route=\/wp\/v2\/pages\/152\/revisions"}],"predecessor-version":[{"id":153,"href":"https:\/\/erigo.lv\/index.php?rest_route=\/wp\/v2\/pages\/152\/revisions\/153"}],"up":[{"embeddable":true,"href":"https:\/\/erigo.lv\/index.php?rest_route=\/wp\/v2\/pages\/17"}],"wp:attachment":[{"href":"https:\/\/erigo.lv\/index.php?rest_route=%2Fwp%2Fv2%2Fmedia&parent=152"}],"curies":[{"name":"wp","href":"https:\/\/api.w.org\/{rel}","templated":true}]}}